{"id":12159,"date":"2025-02-03T11:04:05","date_gmt":"2025-02-03T10:04:05","guid":{"rendered":"https:\/\/www.neoledge.com\/?page_id=12159"},"modified":"2025-11-06T10:40:14","modified_gmt":"2025-11-06T09:40:14","slug":"governments","status":"publish","type":"page","link":"https:\/\/www.neoledge.com\/en\/governments\/","title":{"rendered":"Governments"},"content":{"rendered":"","protected":false},"excerpt":{"rendered":"","protected":false},"author":5,"featured_media":11352,"parent":0,"menu_order":4,"comment_status":"closed","ping_status":"closed","template":"","meta":{"_acf_changed":false,"om_disable_all_campaigns":false,"inline_featured_image":false,"_uf_show_specific_survey":0,"_uf_disable_surveys":false,"footnotes":""},"class_list":["post-12159","page","type-page","status-publish","has-post-thumbnail","hentry"],"acf":[],"yoast_head":"<!-- This site is optimized with the Yoast SEO plugin v27.3 - https:\/\/yoast.com\/product\/yoast-seo-wordpress\/ -->\n<title>Governments | Neoledge - Your digital revolution just a few clicks away!<\/title>\n<meta name=\"robots\" content=\"index, follow, max-snippet:-1, max-image-preview:large, max-video-preview:-1\" \/>\n<link rel=\"canonical\" href=\"https:\/\/www.neoledge.com\/en\/governments\/\" \/>\n<meta property=\"og:locale\" content=\"en_US\" \/>\n<meta property=\"og:type\" content=\"article\" \/>\n<meta property=\"og:title\" content=\"Governments | Neoledge - Your digital revolution just a few clicks away!\" \/>\n<meta property=\"og:url\" content=\"https:\/\/www.neoledge.com\/en\/governments\/\" \/>\n<meta property=\"og:site_name\" content=\"Neoledge - Your digital revolution just a few clicks away!\" \/>\n<meta property=\"article:publisher\" content=\"https:\/\/www.facebook.com\/NeoLedgeTeam\" \/>\n<meta property=\"article:modified_time\" content=\"2025-11-06T09:40:14+00:00\" \/>\n<meta property=\"og:image\" content=\"https:\/\/www.neoledge.com\/wp-content\/uploads\/2025\/03\/low-angle-shot-texas-capitol-building-blue-beautiful-sky-austin-city-texas-1024x683.jpg\" \/>\n\t<meta property=\"og:image:width\" content=\"1024\" \/>\n\t<meta property=\"og:image:height\" content=\"683\" \/>\n\t<meta property=\"og:image:type\" content=\"image\/jpeg\" \/>\n<meta name=\"twitter:card\" content=\"summary_large_image\" \/>\n<meta name=\"twitter:label1\" content=\"Est. reading time\" \/>\n\t<meta name=\"twitter:data1\" content=\"1 minute\" \/>\n<script type=\"application\/ld+json\" class=\"yoast-schema-graph\">{\"@context\":\"https:\\\/\\\/schema.org\",\"@graph\":[{\"@type\":\"WebPage\",\"@id\":\"https:\\\/\\\/www.neoledge.com\\\/en\\\/governments\\\/\",\"url\":\"https:\\\/\\\/www.neoledge.com\\\/en\\\/governments\\\/\",\"name\":\"Governments | Neoledge - Your digital revolution just a few clicks away!\",\"isPartOf\":{\"@id\":\"https:\\\/\\\/www.neoledge.com\\\/en\\\/#website\"},\"primaryImageOfPage\":{\"@id\":\"https:\\\/\\\/www.neoledge.com\\\/en\\\/governments\\\/#primaryimage\"},\"image\":{\"@id\":\"https:\\\/\\\/www.neoledge.com\\\/en\\\/governments\\\/#primaryimage\"},\"thumbnailUrl\":\"https:\\\/\\\/www.neoledge.com\\\/wp-content\\\/uploads\\\/2025\\\/03\\\/low-angle-shot-texas-capitol-building-blue-beautiful-sky-austin-city-texas.jpg\",\"datePublished\":\"2025-02-03T10:04:05+00:00\",\"dateModified\":\"2025-11-06T09:40:14+00:00\",\"breadcrumb\":{\"@id\":\"https:\\\/\\\/www.neoledge.com\\\/en\\\/governments\\\/#breadcrumb\"},\"inLanguage\":\"en-US\",\"potentialAction\":[{\"@type\":\"ReadAction\",\"target\":[\"https:\\\/\\\/www.neoledge.com\\\/en\\\/governments\\\/\"]}]},{\"@type\":\"ImageObject\",\"inLanguage\":\"en-US\",\"@id\":\"https:\\\/\\\/www.neoledge.com\\\/en\\\/governments\\\/#primaryimage\",\"url\":\"https:\\\/\\\/www.neoledge.com\\\/wp-content\\\/uploads\\\/2025\\\/03\\\/low-angle-shot-texas-capitol-building-blue-beautiful-sky-austin-city-texas.jpg\",\"contentUrl\":\"https:\\\/\\\/www.neoledge.com\\\/wp-content\\\/uploads\\\/2025\\\/03\\\/low-angle-shot-texas-capitol-building-blue-beautiful-sky-austin-city-texas.jpg\",\"width\":2560,\"height\":1707,\"caption\":\"A low angle shot of Texas Capitol building under a blue beautiful sky. Austin city, Texas\"},{\"@type\":\"BreadcrumbList\",\"@id\":\"https:\\\/\\\/www.neoledge.com\\\/en\\\/governments\\\/#breadcrumb\",\"itemListElement\":[{\"@type\":\"ListItem\",\"position\":1,\"name\":\"Home\",\"item\":\"https:\\\/\\\/www.neoledge.com\\\/en\\\/\"},{\"@type\":\"ListItem\",\"position\":2,\"name\":\"Governments\"}]},{\"@type\":\"WebSite\",\"@id\":\"https:\\\/\\\/www.neoledge.com\\\/en\\\/#website\",\"url\":\"https:\\\/\\\/www.neoledge.com\\\/en\\\/\",\"name\":\"NeoLedge\",\"description\":\"Neoledge - Your digital revolution just a few clicks away!\",\"publisher\":{\"@id\":\"https:\\\/\\\/www.neoledge.com\\\/en\\\/#organization\"},\"alternateName\":\"Votre r\u00e9volution num\u00e9rique \u00e0 port\u00e9e de clics !\",\"potentialAction\":[{\"@type\":\"SearchAction\",\"target\":{\"@type\":\"EntryPoint\",\"urlTemplate\":\"https:\\\/\\\/www.neoledge.com\\\/en\\\/?s={search_term_string}\"},\"query-input\":{\"@type\":\"PropertyValueSpecification\",\"valueRequired\":true,\"valueName\":\"search_term_string\"}}],\"inLanguage\":\"en-US\"},{\"@type\":\"Organization\",\"@id\":\"https:\\\/\\\/www.neoledge.com\\\/en\\\/#organization\",\"name\":\"NeoLedge\",\"url\":\"https:\\\/\\\/www.neoledge.com\\\/en\\\/\",\"logo\":{\"@type\":\"ImageObject\",\"inLanguage\":\"en-US\",\"@id\":\"https:\\\/\\\/www.neoledge.com\\\/en\\\/#\\\/schema\\\/logo\\\/image\\\/\",\"url\":\"https:\\\/\\\/www.neoledge.com\\\/wp-content\\\/uploads\\\/2025\\\/06\\\/icone-jaune-web-fond-transparent.png\",\"contentUrl\":\"https:\\\/\\\/www.neoledge.com\\\/wp-content\\\/uploads\\\/2025\\\/06\\\/icone-jaune-web-fond-transparent.png\",\"width\":414,\"height\":457,\"caption\":\"NeoLedge\"},\"image\":{\"@id\":\"https:\\\/\\\/www.neoledge.com\\\/en\\\/#\\\/schema\\\/logo\\\/image\\\/\"},\"sameAs\":[\"https:\\\/\\\/www.facebook.com\\\/NeoLedgeTeam\",\"https:\\\/\\\/www.linkedin.com\\\/company\\\/neoledge\",\"https:\\\/\\\/www.youtube.com\\\/@neoledgeecmbyarchimed8126\"]}]}<\/script>\n<!-- \/ Yoast SEO plugin. -->","yoast_head_json":{"title":"Governments | Neoledge - Your digital revolution just a few clicks away!","robots":{"index":"index","follow":"follow","max-snippet":"max-snippet:-1","max-image-preview":"max-image-preview:large","max-video-preview":"max-video-preview:-1"},"canonical":"https:\/\/www.neoledge.com\/en\/governments\/","og_locale":"en_US","og_type":"article","og_title":"Governments | Neoledge - Your digital revolution just a few clicks away!","og_url":"https:\/\/www.neoledge.com\/en\/governments\/","og_site_name":"Neoledge - Your digital revolution just a few clicks away!","article_publisher":"https:\/\/www.facebook.com\/NeoLedgeTeam","article_modified_time":"2025-11-06T09:40:14+00:00","og_image":[{"width":1024,"height":683,"url":"https:\/\/www.neoledge.com\/wp-content\/uploads\/2025\/03\/low-angle-shot-texas-capitol-building-blue-beautiful-sky-austin-city-texas-1024x683.jpg","type":"image\/jpeg"}],"twitter_card":"summary_large_image","twitter_misc":{"Est. reading time":"1 minute"},"schema":{"@context":"https:\/\/schema.org","@graph":[{"@type":"WebPage","@id":"https:\/\/www.neoledge.com\/en\/governments\/","url":"https:\/\/www.neoledge.com\/en\/governments\/","name":"Governments | Neoledge - Your digital revolution just a few clicks away!","isPartOf":{"@id":"https:\/\/www.neoledge.com\/en\/#website"},"primaryImageOfPage":{"@id":"https:\/\/www.neoledge.com\/en\/governments\/#primaryimage"},"image":{"@id":"https:\/\/www.neoledge.com\/en\/governments\/#primaryimage"},"thumbnailUrl":"https:\/\/www.neoledge.com\/wp-content\/uploads\/2025\/03\/low-angle-shot-texas-capitol-building-blue-beautiful-sky-austin-city-texas.jpg","datePublished":"2025-02-03T10:04:05+00:00","dateModified":"2025-11-06T09:40:14+00:00","breadcrumb":{"@id":"https:\/\/www.neoledge.com\/en\/governments\/#breadcrumb"},"inLanguage":"en-US","potentialAction":[{"@type":"ReadAction","target":["https:\/\/www.neoledge.com\/en\/governments\/"]}]},{"@type":"ImageObject","inLanguage":"en-US","@id":"https:\/\/www.neoledge.com\/en\/governments\/#primaryimage","url":"https:\/\/www.neoledge.com\/wp-content\/uploads\/2025\/03\/low-angle-shot-texas-capitol-building-blue-beautiful-sky-austin-city-texas.jpg","contentUrl":"https:\/\/www.neoledge.com\/wp-content\/uploads\/2025\/03\/low-angle-shot-texas-capitol-building-blue-beautiful-sky-austin-city-texas.jpg","width":2560,"height":1707,"caption":"A low angle shot of Texas Capitol building under a blue beautiful sky. Austin city, Texas"},{"@type":"BreadcrumbList","@id":"https:\/\/www.neoledge.com\/en\/governments\/#breadcrumb","itemListElement":[{"@type":"ListItem","position":1,"name":"Home","item":"https:\/\/www.neoledge.com\/en\/"},{"@type":"ListItem","position":2,"name":"Governments"}]},{"@type":"WebSite","@id":"https:\/\/www.neoledge.com\/en\/#website","url":"https:\/\/www.neoledge.com\/en\/","name":"NeoLedge","description":"Neoledge - Your digital revolution just a few clicks away!","publisher":{"@id":"https:\/\/www.neoledge.com\/en\/#organization"},"alternateName":"Votre r\u00e9volution num\u00e9rique \u00e0 port\u00e9e de clics !","potentialAction":[{"@type":"SearchAction","target":{"@type":"EntryPoint","urlTemplate":"https:\/\/www.neoledge.com\/en\/?s={search_term_string}"},"query-input":{"@type":"PropertyValueSpecification","valueRequired":true,"valueName":"search_term_string"}}],"inLanguage":"en-US"},{"@type":"Organization","@id":"https:\/\/www.neoledge.com\/en\/#organization","name":"NeoLedge","url":"https:\/\/www.neoledge.com\/en\/","logo":{"@type":"ImageObject","inLanguage":"en-US","@id":"https:\/\/www.neoledge.com\/en\/#\/schema\/logo\/image\/","url":"https:\/\/www.neoledge.com\/wp-content\/uploads\/2025\/06\/icone-jaune-web-fond-transparent.png","contentUrl":"https:\/\/www.neoledge.com\/wp-content\/uploads\/2025\/06\/icone-jaune-web-fond-transparent.png","width":414,"height":457,"caption":"NeoLedge"},"image":{"@id":"https:\/\/www.neoledge.com\/en\/#\/schema\/logo\/image\/"},"sameAs":["https:\/\/www.facebook.com\/NeoLedgeTeam","https:\/\/www.linkedin.com\/company\/neoledge","https:\/\/www.youtube.com\/@neoledgeecmbyarchimed8126"]}]}},"_links":{"self":[{"href":"https:\/\/www.neoledge.com\/en\/wp-json\/wp\/v2\/pages\/12159","targetHints":{"allow":["GET"]}}],"collection":[{"href":"https:\/\/www.neoledge.com\/en\/wp-json\/wp\/v2\/pages"}],"about":[{"href":"https:\/\/www.neoledge.com\/en\/wp-json\/wp\/v2\/types\/page"}],"author":[{"embeddable":true,"href":"https:\/\/www.neoledge.com\/en\/wp-json\/wp\/v2\/users\/5"}],"replies":[{"embeddable":true,"href":"https:\/\/www.neoledge.com\/en\/wp-json\/wp\/v2\/comments?post=12159"}],"version-history":[{"count":0,"href":"https:\/\/www.neoledge.com\/en\/wp-json\/wp\/v2\/pages\/12159\/revisions"}],"wp:featuredmedia":[{"embeddable":true,"href":"https:\/\/www.neoledge.com\/en\/wp-json\/wp\/v2\/media\/11352"}],"wp:attachment":[{"href":"https:\/\/www.neoledge.com\/en\/wp-json\/wp\/v2\/media?parent=12159"}],"curies":[{"name":"wp","href":"https:\/\/api.w.org\/{rel}","templated":true}]}}