{"id":12130,"date":"2025-01-27T11:37:39","date_gmt":"2025-01-27T10:37:39","guid":{"rendered":"https:\/\/www.neoledge.com\/gestion-des-ressources-humaines-ecm-elise\/"},"modified":"2025-08-08T12:40:10","modified_gmt":"2025-08-08T10:40:10","slug":"human-resource-management","status":"publish","type":"page","link":"https:\/\/www.neoledge.com\/en\/human-resource-management\/","title":{"rendered":"Human Resource management"},"content":{"rendered":"","protected":false},"excerpt":{"rendered":"","protected":false},"author":5,"featured_media":10443,"parent":0,"menu_order":3,"comment_status":"closed","ping_status":"closed","template":"","meta":{"_acf_changed":false,"om_disable_all_campaigns":false,"inline_featured_image":false,"_uf_show_specific_survey":0,"_uf_disable_surveys":false,"footnotes":""},"class_list":["post-12130","page","type-page","status-publish","has-post-thumbnail","hentry"],"acf":[],"yoast_head":"<!-- This site is optimized with the Yoast SEO plugin v27.3 - https:\/\/yoast.com\/product\/yoast-seo-wordpress\/ -->\n<title>Human Resource management | ECM Elise<\/title>\n<meta name=\"description\" content=\"Human Resource management\" \/>\n<meta name=\"robots\" content=\"index, follow, max-snippet:-1, max-image-preview:large, max-video-preview:-1\" \/>\n<link rel=\"canonical\" href=\"https:\/\/www.neoledge.com\/en\/human-resource-management\/\" \/>\n<meta property=\"og:locale\" content=\"en_US\" \/>\n<meta property=\"og:type\" content=\"article\" \/>\n<meta property=\"og:title\" content=\"Human Resource management | ECM Elise\" \/>\n<meta property=\"og:description\" content=\"Human Resource management\" \/>\n<meta property=\"og:url\" content=\"https:\/\/www.neoledge.com\/en\/human-resource-management\/\" \/>\n<meta property=\"og:site_name\" content=\"Neoledge - Your digital revolution just a few clicks away!\" \/>\n<meta property=\"article:publisher\" content=\"https:\/\/www.facebook.com\/NeoLedgeTeam\" \/>\n<meta property=\"article:modified_time\" content=\"2025-08-08T10:40:10+00:00\" \/>\n<meta property=\"og:image\" content=\"https:\/\/www.neoledge.com\/wp-content\/uploads\/2025\/02\/people-working-with-documents-flat-lay-1024x683.jpg\" \/>\n\t<meta property=\"og:image:width\" content=\"1024\" \/>\n\t<meta property=\"og:image:height\" content=\"683\" \/>\n\t<meta property=\"og:image:type\" content=\"image\/jpeg\" \/>\n<meta name=\"twitter:card\" content=\"summary_large_image\" \/>\n<meta name=\"twitter:label1\" content=\"Est. reading time\" \/>\n\t<meta name=\"twitter:data1\" content=\"1 minute\" \/>\n<script type=\"application\/ld+json\" class=\"yoast-schema-graph\">{\"@context\":\"https:\\\/\\\/schema.org\",\"@graph\":[{\"@type\":\"WebPage\",\"@id\":\"https:\\\/\\\/www.neoledge.com\\\/en\\\/human-resource-management\\\/\",\"url\":\"https:\\\/\\\/www.neoledge.com\\\/en\\\/human-resource-management\\\/\",\"name\":\"Human Resource management | ECM Elise\",\"isPartOf\":{\"@id\":\"https:\\\/\\\/www.neoledge.com\\\/en\\\/#website\"},\"primaryImageOfPage\":{\"@id\":\"https:\\\/\\\/www.neoledge.com\\\/en\\\/human-resource-management\\\/#primaryimage\"},\"image\":{\"@id\":\"https:\\\/\\\/www.neoledge.com\\\/en\\\/human-resource-management\\\/#primaryimage\"},\"thumbnailUrl\":\"https:\\\/\\\/www.neoledge.com\\\/wp-content\\\/uploads\\\/2025\\\/02\\\/people-working-with-documents-flat-lay.jpg\",\"datePublished\":\"2025-01-27T10:37:39+00:00\",\"dateModified\":\"2025-08-08T10:40:10+00:00\",\"description\":\"Human Resource management\",\"breadcrumb\":{\"@id\":\"https:\\\/\\\/www.neoledge.com\\\/en\\\/human-resource-management\\\/#breadcrumb\"},\"inLanguage\":\"en-US\",\"potentialAction\":[{\"@type\":\"ReadAction\",\"target\":[\"https:\\\/\\\/www.neoledge.com\\\/en\\\/human-resource-management\\\/\"]}]},{\"@type\":\"ImageObject\",\"inLanguage\":\"en-US\",\"@id\":\"https:\\\/\\\/www.neoledge.com\\\/en\\\/human-resource-management\\\/#primaryimage\",\"url\":\"https:\\\/\\\/www.neoledge.com\\\/wp-content\\\/uploads\\\/2025\\\/02\\\/people-working-with-documents-flat-lay.jpg\",\"contentUrl\":\"https:\\\/\\\/www.neoledge.com\\\/wp-content\\\/uploads\\\/2025\\\/02\\\/people-working-with-documents-flat-lay.jpg\",\"width\":2560,\"height\":1707,\"caption\":\"Human Resource management\"},{\"@type\":\"BreadcrumbList\",\"@id\":\"https:\\\/\\\/www.neoledge.com\\\/en\\\/human-resource-management\\\/#breadcrumb\",\"itemListElement\":[{\"@type\":\"ListItem\",\"position\":1,\"name\":\"Home\",\"item\":\"https:\\\/\\\/www.neoledge.com\\\/en\\\/\"},{\"@type\":\"ListItem\",\"position\":2,\"name\":\"Human Resource management\"}]},{\"@type\":\"WebSite\",\"@id\":\"https:\\\/\\\/www.neoledge.com\\\/en\\\/#website\",\"url\":\"https:\\\/\\\/www.neoledge.com\\\/en\\\/\",\"name\":\"NeoLedge\",\"description\":\"Neoledge - Your digital revolution just a few clicks away!\",\"publisher\":{\"@id\":\"https:\\\/\\\/www.neoledge.com\\\/en\\\/#organization\"},\"alternateName\":\"Votre r\u00e9volution num\u00e9rique \u00e0 port\u00e9e de clics !\",\"potentialAction\":[{\"@type\":\"SearchAction\",\"target\":{\"@type\":\"EntryPoint\",\"urlTemplate\":\"https:\\\/\\\/www.neoledge.com\\\/en\\\/?s={search_term_string}\"},\"query-input\":{\"@type\":\"PropertyValueSpecification\",\"valueRequired\":true,\"valueName\":\"search_term_string\"}}],\"inLanguage\":\"en-US\"},{\"@type\":\"Organization\",\"@id\":\"https:\\\/\\\/www.neoledge.com\\\/en\\\/#organization\",\"name\":\"NeoLedge\",\"url\":\"https:\\\/\\\/www.neoledge.com\\\/en\\\/\",\"logo\":{\"@type\":\"ImageObject\",\"inLanguage\":\"en-US\",\"@id\":\"https:\\\/\\\/www.neoledge.com\\\/en\\\/#\\\/schema\\\/logo\\\/image\\\/\",\"url\":\"https:\\\/\\\/www.neoledge.com\\\/wp-content\\\/uploads\\\/2025\\\/06\\\/icone-jaune-web-fond-transparent.png\",\"contentUrl\":\"https:\\\/\\\/www.neoledge.com\\\/wp-content\\\/uploads\\\/2025\\\/06\\\/icone-jaune-web-fond-transparent.png\",\"width\":414,\"height\":457,\"caption\":\"NeoLedge\"},\"image\":{\"@id\":\"https:\\\/\\\/www.neoledge.com\\\/en\\\/#\\\/schema\\\/logo\\\/image\\\/\"},\"sameAs\":[\"https:\\\/\\\/www.facebook.com\\\/NeoLedgeTeam\",\"https:\\\/\\\/www.linkedin.com\\\/company\\\/neoledge\",\"https:\\\/\\\/www.youtube.com\\\/@neoledgeecmbyarchimed8126\"]}]}<\/script>\n<!-- \/ Yoast SEO plugin. -->","yoast_head_json":{"title":"Human Resource management | ECM Elise","description":"Human Resource management","robots":{"index":"index","follow":"follow","max-snippet":"max-snippet:-1","max-image-preview":"max-image-preview:large","max-video-preview":"max-video-preview:-1"},"canonical":"https:\/\/www.neoledge.com\/en\/human-resource-management\/","og_locale":"en_US","og_type":"article","og_title":"Human Resource management | ECM Elise","og_description":"Human Resource management","og_url":"https:\/\/www.neoledge.com\/en\/human-resource-management\/","og_site_name":"Neoledge - Your digital revolution just a few clicks away!","article_publisher":"https:\/\/www.facebook.com\/NeoLedgeTeam","article_modified_time":"2025-08-08T10:40:10+00:00","og_image":[{"width":1024,"height":683,"url":"https:\/\/www.neoledge.com\/wp-content\/uploads\/2025\/02\/people-working-with-documents-flat-lay-1024x683.jpg","type":"image\/jpeg"}],"twitter_card":"summary_large_image","twitter_misc":{"Est. reading time":"1 minute"},"schema":{"@context":"https:\/\/schema.org","@graph":[{"@type":"WebPage","@id":"https:\/\/www.neoledge.com\/en\/human-resource-management\/","url":"https:\/\/www.neoledge.com\/en\/human-resource-management\/","name":"Human Resource management | ECM Elise","isPartOf":{"@id":"https:\/\/www.neoledge.com\/en\/#website"},"primaryImageOfPage":{"@id":"https:\/\/www.neoledge.com\/en\/human-resource-management\/#primaryimage"},"image":{"@id":"https:\/\/www.neoledge.com\/en\/human-resource-management\/#primaryimage"},"thumbnailUrl":"https:\/\/www.neoledge.com\/wp-content\/uploads\/2025\/02\/people-working-with-documents-flat-lay.jpg","datePublished":"2025-01-27T10:37:39+00:00","dateModified":"2025-08-08T10:40:10+00:00","description":"Human Resource management","breadcrumb":{"@id":"https:\/\/www.neoledge.com\/en\/human-resource-management\/#breadcrumb"},"inLanguage":"en-US","potentialAction":[{"@type":"ReadAction","target":["https:\/\/www.neoledge.com\/en\/human-resource-management\/"]}]},{"@type":"ImageObject","inLanguage":"en-US","@id":"https:\/\/www.neoledge.com\/en\/human-resource-management\/#primaryimage","url":"https:\/\/www.neoledge.com\/wp-content\/uploads\/2025\/02\/people-working-with-documents-flat-lay.jpg","contentUrl":"https:\/\/www.neoledge.com\/wp-content\/uploads\/2025\/02\/people-working-with-documents-flat-lay.jpg","width":2560,"height":1707,"caption":"Human Resource management"},{"@type":"BreadcrumbList","@id":"https:\/\/www.neoledge.com\/en\/human-resource-management\/#breadcrumb","itemListElement":[{"@type":"ListItem","position":1,"name":"Home","item":"https:\/\/www.neoledge.com\/en\/"},{"@type":"ListItem","position":2,"name":"Human Resource management"}]},{"@type":"WebSite","@id":"https:\/\/www.neoledge.com\/en\/#website","url":"https:\/\/www.neoledge.com\/en\/","name":"NeoLedge","description":"Neoledge - Your digital revolution just a few clicks away!","publisher":{"@id":"https:\/\/www.neoledge.com\/en\/#organization"},"alternateName":"Votre r\u00e9volution num\u00e9rique \u00e0 port\u00e9e de clics !","potentialAction":[{"@type":"SearchAction","target":{"@type":"EntryPoint","urlTemplate":"https:\/\/www.neoledge.com\/en\/?s={search_term_string}"},"query-input":{"@type":"PropertyValueSpecification","valueRequired":true,"valueName":"search_term_string"}}],"inLanguage":"en-US"},{"@type":"Organization","@id":"https:\/\/www.neoledge.com\/en\/#organization","name":"NeoLedge","url":"https:\/\/www.neoledge.com\/en\/","logo":{"@type":"ImageObject","inLanguage":"en-US","@id":"https:\/\/www.neoledge.com\/en\/#\/schema\/logo\/image\/","url":"https:\/\/www.neoledge.com\/wp-content\/uploads\/2025\/06\/icone-jaune-web-fond-transparent.png","contentUrl":"https:\/\/www.neoledge.com\/wp-content\/uploads\/2025\/06\/icone-jaune-web-fond-transparent.png","width":414,"height":457,"caption":"NeoLedge"},"image":{"@id":"https:\/\/www.neoledge.com\/en\/#\/schema\/logo\/image\/"},"sameAs":["https:\/\/www.facebook.com\/NeoLedgeTeam","https:\/\/www.linkedin.com\/company\/neoledge","https:\/\/www.youtube.com\/@neoledgeecmbyarchimed8126"]}]}},"_links":{"self":[{"href":"https:\/\/www.neoledge.com\/en\/wp-json\/wp\/v2\/pages\/12130","targetHints":{"allow":["GET"]}}],"collection":[{"href":"https:\/\/www.neoledge.com\/en\/wp-json\/wp\/v2\/pages"}],"about":[{"href":"https:\/\/www.neoledge.com\/en\/wp-json\/wp\/v2\/types\/page"}],"author":[{"embeddable":true,"href":"https:\/\/www.neoledge.com\/en\/wp-json\/wp\/v2\/users\/5"}],"replies":[{"embeddable":true,"href":"https:\/\/www.neoledge.com\/en\/wp-json\/wp\/v2\/comments?post=12130"}],"version-history":[{"count":0,"href":"https:\/\/www.neoledge.com\/en\/wp-json\/wp\/v2\/pages\/12130\/revisions"}],"wp:featuredmedia":[{"embeddable":true,"href":"https:\/\/www.neoledge.com\/en\/wp-json\/wp\/v2\/media\/10443"}],"wp:attachment":[{"href":"https:\/\/www.neoledge.com\/en\/wp-json\/wp\/v2\/media?parent=12130"}],"curies":[{"name":"wp","href":"https:\/\/api.w.org\/{rel}","templated":true}]}}