{"id":11463,"date":"2024-02-01T10:35:37","date_gmt":"2024-02-01T09:35:37","guid":{"rendered":"https:\/\/www.neoledge.com\/?page_id=11463"},"modified":"2026-02-12T18:01:42","modified_gmt":"2026-02-12T17:01:42","slug":"homepage","status":"publish","type":"page","link":"https:\/\/www.neoledge.com\/en\/","title":{"rendered":"NeoLedge"},"content":{"rendered":"","protected":false},"excerpt":{"rendered":"","protected":false},"author":5,"featured_media":11920,"parent":0,"menu_order":0,"comment_status":"closed","ping_status":"closed","template":"","meta":{"_acf_changed":false,"om_disable_all_campaigns":false,"inline_featured_image":false,"_uf_show_specific_survey":0,"_uf_disable_surveys":false,"footnotes":""},"class_list":["post-11463","page","type-page","status-publish","has-post-thumbnail","hentry"],"acf":[],"yoast_head":"<!-- This site is optimized with the Yoast SEO plugin v27.4 - https:\/\/yoast.com\/product\/yoast-seo-wordpress\/ -->\n<title>NeoLedge | ECM Software Publisher<\/title>\n<meta name=\"description\" content=\"NeoLedge is the ECM software publisher behind Elise, delivering AI\u2011powered content and workflow solutions for efficient digital operations.\" \/>\n<meta name=\"robots\" content=\"index, follow, max-snippet:-1, max-image-preview:large, max-video-preview:-1\" \/>\n<link rel=\"canonical\" href=\"https:\/\/www.neoledge.com\/en\/\" \/>\n<meta property=\"og:locale\" content=\"en_US\" \/>\n<meta property=\"og:type\" content=\"article\" \/>\n<meta property=\"og:title\" content=\"NeoLedge | ECM Software Publisher\" \/>\n<meta property=\"og:description\" content=\"NeoLedge is the ECM software publisher behind Elise, delivering AI\u2011powered content and workflow solutions for efficient digital operations.\" \/>\n<meta property=\"og:url\" content=\"https:\/\/www.neoledge.com\/en\/\" \/>\n<meta property=\"og:site_name\" content=\"Neoledge - Your digital revolution just a few clicks away!\" \/>\n<meta property=\"article:publisher\" content=\"https:\/\/www.facebook.com\/NeoLedgeTeam\" \/>\n<meta property=\"article:modified_time\" content=\"2026-02-12T17:01:42+00:00\" \/>\n<meta property=\"og:image\" content=\"https:\/\/www.neoledge.com\/wp-content\/uploads\/2025\/04\/photo-generique-PD.png\" \/>\n\t<meta property=\"og:image:width\" content=\"1280\" \/>\n\t<meta property=\"og:image:height\" content=\"827\" \/>\n\t<meta property=\"og:image:type\" content=\"image\/png\" \/>\n<meta name=\"twitter:card\" content=\"summary_large_image\" \/>\n<meta name=\"twitter:label1\" content=\"Est. reading time\" \/>\n\t<meta name=\"twitter:data1\" content=\"1 minute\" \/>\n<script type=\"application\/ld+json\" class=\"yoast-schema-graph\">{\"@context\":\"https:\\\/\\\/schema.org\",\"@graph\":[{\"@type\":\"WebPage\",\"@id\":\"https:\\\/\\\/www.neoledge.com\\\/en\\\/\",\"url\":\"https:\\\/\\\/www.neoledge.com\\\/en\\\/\",\"name\":\"NeoLedge | ECM Software Publisher\",\"isPartOf\":{\"@id\":\"https:\\\/\\\/www.neoledge.com\\\/en\\\/#website\"},\"primaryImageOfPage\":{\"@id\":\"https:\\\/\\\/www.neoledge.com\\\/en\\\/#primaryimage\"},\"image\":{\"@id\":\"https:\\\/\\\/www.neoledge.com\\\/en\\\/#primaryimage\"},\"thumbnailUrl\":\"https:\\\/\\\/www.neoledge.com\\\/wp-content\\\/uploads\\\/2025\\\/04\\\/photo-generique-PD.png\",\"datePublished\":\"2024-02-01T09:35:37+00:00\",\"dateModified\":\"2026-02-12T17:01:42+00:00\",\"description\":\"NeoLedge is the ECM software publisher behind Elise, delivering AI\u2011powered content and workflow solutions for efficient digital operations.\",\"breadcrumb\":{\"@id\":\"https:\\\/\\\/www.neoledge.com\\\/en\\\/#breadcrumb\"},\"inLanguage\":\"en-US\",\"potentialAction\":[{\"@type\":\"ReadAction\",\"target\":[\"https:\\\/\\\/www.neoledge.com\\\/en\\\/\"]}]},{\"@type\":\"ImageObject\",\"inLanguage\":\"en-US\",\"@id\":\"https:\\\/\\\/www.neoledge.com\\\/en\\\/#primaryimage\",\"url\":\"https:\\\/\\\/www.neoledge.com\\\/wp-content\\\/uploads\\\/2025\\\/04\\\/photo-generique-PD.png\",\"contentUrl\":\"https:\\\/\\\/www.neoledge.com\\\/wp-content\\\/uploads\\\/2025\\\/04\\\/photo-generique-PD.png\",\"width\":1280,\"height\":827,\"caption\":\"ECM Elise\"},{\"@type\":\"BreadcrumbList\",\"@id\":\"https:\\\/\\\/www.neoledge.com\\\/en\\\/#breadcrumb\",\"itemListElement\":[{\"@type\":\"ListItem\",\"position\":1,\"name\":\"Home\",\"item\":\"https:\\\/\\\/www.neoledge.com\\\/en\\\/\"},{\"@type\":\"ListItem\",\"position\":2,\"name\":\"NeoLedge\"}]},{\"@type\":\"WebSite\",\"@id\":\"https:\\\/\\\/www.neoledge.com\\\/en\\\/#website\",\"url\":\"https:\\\/\\\/www.neoledge.com\\\/en\\\/\",\"name\":\"NeoLedge\",\"description\":\"Neoledge - Your digital revolution just a few clicks away!\",\"publisher\":{\"@id\":\"https:\\\/\\\/www.neoledge.com\\\/en\\\/#organization\"},\"alternateName\":\"Votre r\u00e9volution num\u00e9rique \u00e0 port\u00e9e de clics !\",\"potentialAction\":[{\"@type\":\"SearchAction\",\"target\":{\"@type\":\"EntryPoint\",\"urlTemplate\":\"https:\\\/\\\/www.neoledge.com\\\/en\\\/?s={search_term_string}\"},\"query-input\":{\"@type\":\"PropertyValueSpecification\",\"valueRequired\":true,\"valueName\":\"search_term_string\"}}],\"inLanguage\":\"en-US\"},{\"@type\":\"Organization\",\"@id\":\"https:\\\/\\\/www.neoledge.com\\\/en\\\/#organization\",\"name\":\"NeoLedge\",\"url\":\"https:\\\/\\\/www.neoledge.com\\\/en\\\/\",\"logo\":{\"@type\":\"ImageObject\",\"inLanguage\":\"en-US\",\"@id\":\"https:\\\/\\\/www.neoledge.com\\\/en\\\/#\\\/schema\\\/logo\\\/image\\\/\",\"url\":\"https:\\\/\\\/www.neoledge.com\\\/wp-content\\\/uploads\\\/2025\\\/06\\\/icone-jaune-web-fond-transparent.png\",\"contentUrl\":\"https:\\\/\\\/www.neoledge.com\\\/wp-content\\\/uploads\\\/2025\\\/06\\\/icone-jaune-web-fond-transparent.png\",\"width\":414,\"height\":457,\"caption\":\"NeoLedge\"},\"image\":{\"@id\":\"https:\\\/\\\/www.neoledge.com\\\/en\\\/#\\\/schema\\\/logo\\\/image\\\/\"},\"sameAs\":[\"https:\\\/\\\/www.facebook.com\\\/NeoLedgeTeam\",\"https:\\\/\\\/www.linkedin.com\\\/company\\\/neoledge\",\"https:\\\/\\\/www.youtube.com\\\/@neoledgeecmbyarchimed8126\"]}]}<\/script>\n<!-- \/ Yoast SEO plugin. -->","yoast_head_json":{"title":"NeoLedge | ECM Software Publisher","description":"NeoLedge is the ECM software publisher behind Elise, delivering AI\u2011powered content and workflow solutions for efficient digital operations.","robots":{"index":"index","follow":"follow","max-snippet":"max-snippet:-1","max-image-preview":"max-image-preview:large","max-video-preview":"max-video-preview:-1"},"canonical":"https:\/\/www.neoledge.com\/en\/","og_locale":"en_US","og_type":"article","og_title":"NeoLedge | ECM Software Publisher","og_description":"NeoLedge is the ECM software publisher behind Elise, delivering AI\u2011powered content and workflow solutions for efficient digital operations.","og_url":"https:\/\/www.neoledge.com\/en\/","og_site_name":"Neoledge - Your digital revolution just a few clicks away!","article_publisher":"https:\/\/www.facebook.com\/NeoLedgeTeam","article_modified_time":"2026-02-12T17:01:42+00:00","og_image":[{"width":1280,"height":827,"url":"https:\/\/www.neoledge.com\/wp-content\/uploads\/2025\/04\/photo-generique-PD.png","type":"image\/png"}],"twitter_card":"summary_large_image","twitter_misc":{"Est. reading time":"1 minute"},"schema":{"@context":"https:\/\/schema.org","@graph":[{"@type":"WebPage","@id":"https:\/\/www.neoledge.com\/en\/","url":"https:\/\/www.neoledge.com\/en\/","name":"NeoLedge | ECM Software Publisher","isPartOf":{"@id":"https:\/\/www.neoledge.com\/en\/#website"},"primaryImageOfPage":{"@id":"https:\/\/www.neoledge.com\/en\/#primaryimage"},"image":{"@id":"https:\/\/www.neoledge.com\/en\/#primaryimage"},"thumbnailUrl":"https:\/\/www.neoledge.com\/wp-content\/uploads\/2025\/04\/photo-generique-PD.png","datePublished":"2024-02-01T09:35:37+00:00","dateModified":"2026-02-12T17:01:42+00:00","description":"NeoLedge is the ECM software publisher behind Elise, delivering AI\u2011powered content and workflow solutions for efficient digital operations.","breadcrumb":{"@id":"https:\/\/www.neoledge.com\/en\/#breadcrumb"},"inLanguage":"en-US","potentialAction":[{"@type":"ReadAction","target":["https:\/\/www.neoledge.com\/en\/"]}]},{"@type":"ImageObject","inLanguage":"en-US","@id":"https:\/\/www.neoledge.com\/en\/#primaryimage","url":"https:\/\/www.neoledge.com\/wp-content\/uploads\/2025\/04\/photo-generique-PD.png","contentUrl":"https:\/\/www.neoledge.com\/wp-content\/uploads\/2025\/04\/photo-generique-PD.png","width":1280,"height":827,"caption":"ECM Elise"},{"@type":"BreadcrumbList","@id":"https:\/\/www.neoledge.com\/en\/#breadcrumb","itemListElement":[{"@type":"ListItem","position":1,"name":"Home","item":"https:\/\/www.neoledge.com\/en\/"},{"@type":"ListItem","position":2,"name":"NeoLedge"}]},{"@type":"WebSite","@id":"https:\/\/www.neoledge.com\/en\/#website","url":"https:\/\/www.neoledge.com\/en\/","name":"NeoLedge","description":"Neoledge - Your digital revolution just a few clicks away!","publisher":{"@id":"https:\/\/www.neoledge.com\/en\/#organization"},"alternateName":"Votre r\u00e9volution num\u00e9rique \u00e0 port\u00e9e de clics !","potentialAction":[{"@type":"SearchAction","target":{"@type":"EntryPoint","urlTemplate":"https:\/\/www.neoledge.com\/en\/?s={search_term_string}"},"query-input":{"@type":"PropertyValueSpecification","valueRequired":true,"valueName":"search_term_string"}}],"inLanguage":"en-US"},{"@type":"Organization","@id":"https:\/\/www.neoledge.com\/en\/#organization","name":"NeoLedge","url":"https:\/\/www.neoledge.com\/en\/","logo":{"@type":"ImageObject","inLanguage":"en-US","@id":"https:\/\/www.neoledge.com\/en\/#\/schema\/logo\/image\/","url":"https:\/\/www.neoledge.com\/wp-content\/uploads\/2025\/06\/icone-jaune-web-fond-transparent.png","contentUrl":"https:\/\/www.neoledge.com\/wp-content\/uploads\/2025\/06\/icone-jaune-web-fond-transparent.png","width":414,"height":457,"caption":"NeoLedge"},"image":{"@id":"https:\/\/www.neoledge.com\/en\/#\/schema\/logo\/image\/"},"sameAs":["https:\/\/www.facebook.com\/NeoLedgeTeam","https:\/\/www.linkedin.com\/company\/neoledge","https:\/\/www.youtube.com\/@neoledgeecmbyarchimed8126"]}]}},"_links":{"self":[{"href":"https:\/\/www.neoledge.com\/en\/wp-json\/wp\/v2\/pages\/11463","targetHints":{"allow":["GET"]}}],"collection":[{"href":"https:\/\/www.neoledge.com\/en\/wp-json\/wp\/v2\/pages"}],"about":[{"href":"https:\/\/www.neoledge.com\/en\/wp-json\/wp\/v2\/types\/page"}],"author":[{"embeddable":true,"href":"https:\/\/www.neoledge.com\/en\/wp-json\/wp\/v2\/users\/5"}],"replies":[{"embeddable":true,"href":"https:\/\/www.neoledge.com\/en\/wp-json\/wp\/v2\/comments?post=11463"}],"version-history":[{"count":0,"href":"https:\/\/www.neoledge.com\/en\/wp-json\/wp\/v2\/pages\/11463\/revisions"}],"wp:featuredmedia":[{"embeddable":true,"href":"https:\/\/www.neoledge.com\/en\/wp-json\/wp\/v2\/media\/11920"}],"wp:attachment":[{"href":"https:\/\/www.neoledge.com\/en\/wp-json\/wp\/v2\/media?parent=11463"}],"curies":[{"name":"wp","href":"https:\/\/api.w.org\/{rel}","templated":true}]}}